{"id":548,"date":"2024-12-04T18:19:13","date_gmt":"2024-12-04T18:19:13","guid":{"rendered":"https:\/\/wbedu4mig.com\/contact-us\/"},"modified":"2024-12-06T08:49:45","modified_gmt":"2024-12-06T08:49:45","slug":"contact-us","status":"publish","type":"page","link":"https:\/\/wbedu4mig.com\/sq\/contact-us\/","title":{"rendered":"Na Kontaktoni"},"content":{"rendered":"<div data-elementor-type=\"wp-page\" data-elementor-id=\"548\" class=\"elementor elementor-548\">\n\t\t\t\t<div class=\"elementor-element elementor-element-46dd360 e-flex e-con-boxed e-con e-parent\" data-id=\"46dd360\" data-element_type=\"container\" data-e-type=\"container\" data-settings=\"{&quot;background_background&quot;:&quot;classic&quot;}\">\n\t\t\t\t\t<div class=\"e-con-inner\">\n\t\t<div class=\"elementor-element elementor-element-3da76d9 e-con-full e-flex e-con e-child\" data-id=\"3da76d9\" data-element_type=\"container\" data-e-type=\"container\">\n\t\t\t\t<div class=\"elementor-element elementor-element-7275dff eael-dual-header-content-align-center elementor-widget elementor-widget-eael-dual-color-header\" data-id=\"7275dff\" data-element_type=\"widget\" data-e-type=\"widget\" data-widget_type=\"eael-dual-color-header.default\">\n\t\t\t\t<div class=\"elementor-widget-container\">\n\t\t\t\t\t\t\t\t<div class=\"eael-dual-header\">\n\t\t\t\t<h2 class=\"title eael-dch-title\"><span class=\"eael-dch-title-text eael-dch-title-lead lead solid-color\">Na<\/span> <span class=\"eael-dch-title-text\">Kontaktoni<\/span><\/h2>\t\t\t<\/div>\n\n\t\t\t\t\t\t<\/div>\n\t\t\t\t<\/div>\n\t\t\t\t<\/div>\n\t\t\t\t\t<\/div>\n\t\t\t\t<\/div>\n\t\t<div class=\"elementor-element elementor-element-70d9efd e-flex e-con-boxed e-con e-parent\" data-id=\"70d9efd\" data-element_type=\"container\" data-e-type=\"container\">\n\t\t\t\t\t<div class=\"e-con-inner\">\n\t\t<div class=\"elementor-element elementor-element-716e591 e-con-full e-flex e-con e-child\" data-id=\"716e591\" data-element_type=\"container\" data-e-type=\"container\">\n\t\t\t\t<div class=\"elementor-element elementor-element-edd2ee9 elementor-widget elementor-widget-heading\" data-id=\"edd2ee9\" data-element_type=\"widget\" data-e-type=\"widget\" data-widget_type=\"heading.default\">\n\t\t\t\t<div class=\"elementor-widget-container\">\n\t\t\t\t\t<h4 class=\"elementor-heading-title elementor-size-default\">P\u00ebr m\u00eb shum\u00eb informacion rreth projektit, ju lutem kontaktoni:<\/h4>\t\t\t\t<\/div>\n\t\t\t\t<\/div>\n\t\t\t\t<\/div>\n\t\t<div class=\"elementor-element elementor-element-566ff2d e-con-full e-flex e-con e-child\" data-id=\"566ff2d\" data-element_type=\"container\" data-e-type=\"container\">\n\t\t\t\t<div class=\"elementor-element elementor-element-841a9b1 elementor-widget__width-initial elementor-widget elementor-widget-image-box\" data-id=\"841a9b1\" data-element_type=\"widget\" data-e-type=\"widget\" data-widget_type=\"image-box.default\">\n\t\t\t\t<div class=\"elementor-widget-container\">\n\t\t\t\t\t<div class=\"elementor-image-box-wrapper\"><div class=\"elementor-image-box-content\"><h6 class=\"elementor-image-box-title\">Koordinatori i Projektit n\u00eb Kolegjin AAB:<\/h6><p class=\"elementor-image-box-description\">Ardian Sallauka  Email: ardian.sallauka@aab-edu.net<\/p><\/div><\/div>\t\t\t\t<\/div>\n\t\t\t\t<\/div>\n\t\t\t\t<div class=\"elementor-element elementor-element-59ec48b elementor-widget__width-initial elementor-widget elementor-widget-image-box\" data-id=\"59ec48b\" data-element_type=\"widget\" data-e-type=\"widget\" data-widget_type=\"image-box.default\">\n\t\t\t\t<div class=\"elementor-widget-container\">\n\t\t\t\t\t<div class=\"elementor-image-box-wrapper\"><div class=\"elementor-image-box-content\"><h6 class=\"elementor-image-box-title\">Oficeri i Monitorimit t\u00eb Projektit:<\/h6><p class=\"elementor-image-box-description\">Er\u00ebza Mehmeti   Email: ereza.mehmeti@aab-edu.net<\/p><\/div><\/div>\t\t\t\t<\/div>\n\t\t\t\t<\/div>\n\t\t\t\t<div class=\"elementor-element elementor-element-dfb03a4 elementor-widget__width-initial elementor-widget elementor-widget-image-box\" data-id=\"dfb03a4\" data-element_type=\"widget\" data-e-type=\"widget\" data-widget_type=\"image-box.default\">\n\t\t\t\t<div class=\"elementor-widget-container\">\n\t\t\t\t\t<div class=\"elementor-image-box-wrapper\"><div class=\"elementor-image-box-content\"><h6 class=\"elementor-image-box-title\">Zyra p\u00ebr Zhvillimin e Projektit:<\/h6><p class=\"elementor-image-box-description\">projects@aab-edu.net<\/p><\/div><\/div>\t\t\t\t<\/div>\n\t\t\t\t<\/div>\n\t\t<div class=\"elementor-element elementor-element-17107e8 e-con-full e-flex e-con e-child\" data-id=\"17107e8\" data-element_type=\"container\" data-e-type=\"container\">\n\t\t\t\t<div class=\"elementor-element elementor-element-4b35e93 elementor-widget elementor-widget-heading\" data-id=\"4b35e93\" data-element_type=\"widget\" data-e-type=\"widget\" data-widget_type=\"heading.default\">\n\t\t\t\t<div class=\"elementor-widget-container\">\n\t\t\t\t\t<h6 class=\"elementor-heading-title elementor-size-default\">Na ndiqni:<\/h6>\t\t\t\t<\/div>\n\t\t\t\t<\/div>\n\t\t\t\t<div class=\"elementor-element elementor-element-f80a0f3 elementor-shape-rounded elementor-grid-0 elementor-widget elementor-widget-social-icons\" data-id=\"f80a0f3\" data-element_type=\"widget\" data-e-type=\"widget\" data-widget_type=\"social-icons.default\">\n\t\t\t\t<div class=\"elementor-widget-container\">\n\t\t\t\t\t\t\t<div class=\"elementor-social-icons-wrapper elementor-grid\" role=\"list\">\n\t\t\t\t\t\t\t<span class=\"elementor-grid-item\" role=\"listitem\">\n\t\t\t\t\t<a class=\"elementor-icon elementor-social-icon elementor-social-icon-facebook-f elementor-repeater-item-4714b21\" href=\"https:\/\/www.facebook.com\/profile.php?id=61569408661878\" target=\"_blank\">\n\t\t\t\t\t\t<span class=\"elementor-screen-only\">Facebook-f<\/span>\n\t\t\t\t\t\t<svg aria-hidden=\"true\" class=\"e-font-icon-svg e-fab-facebook-f\" viewbox=\"0 0 320 512\" xmlns=\"http:\/\/www.w3.org\/2000\/svg\"><path d=\"M279.14 288l14.22-92.66h-88.91v-60.13c0-25.35 12.42-50.06 52.24-50.06h40.42V6.26S260.43 0 225.36 0c-73.22 0-121.08 44.38-121.08 124.72v70.62H22.89V288h81.39v224h100.17V288z\"><\/path><\/svg>\t\t\t\t\t<\/a>\n\t\t\t\t<\/span>\n\t\t\t\t\t\t\t<span class=\"elementor-grid-item\" role=\"listitem\">\n\t\t\t\t\t<a class=\"elementor-icon elementor-social-icon elementor-social-icon-instagram elementor-repeater-item-895bd38\" href=\"https:\/\/www.instagram.com\/wb_edu4mig.project?igsh=YzJzcnJyeGttcjlw\" target=\"_blank\">\n\t\t\t\t\t\t<span class=\"elementor-screen-only\">Instagram<\/span>\n\t\t\t\t\t\t<svg aria-hidden=\"true\" class=\"e-font-icon-svg e-fab-instagram\" viewbox=\"0 0 448 512\" xmlns=\"http:\/\/www.w3.org\/2000\/svg\"><path d=\"M224.1 141c-63.6 0-114.9 51.3-114.9 114.9s51.3 114.9 114.9 114.9S339 319.5 339 255.9 287.7 141 224.1 141zm0 189.6c-41.1 0-74.7-33.5-74.7-74.7s33.5-74.7 74.7-74.7 74.7 33.5 74.7 74.7-33.6 74.7-74.7 74.7zm146.4-194.3c0 14.9-12 26.8-26.8 26.8-14.9 0-26.8-12-26.8-26.8s12-26.8 26.8-26.8 26.8 12 26.8 26.8zm76.1 27.2c-1.7-35.9-9.9-67.7-36.2-93.9-26.2-26.2-58-34.4-93.9-36.2-37-2.1-147.9-2.1-184.9 0-35.8 1.7-67.6 9.9-93.9 36.1s-34.4 58-36.2 93.9c-2.1 37-2.1 147.9 0 184.9 1.7 35.9 9.9 67.7 36.2 93.9s58 34.4 93.9 36.2c37 2.1 147.9 2.1 184.9 0 35.9-1.7 67.7-9.9 93.9-36.2 26.2-26.2 34.4-58 36.2-93.9 2.1-37 2.1-147.8 0-184.8zM398.8 388c-7.8 19.6-22.9 34.7-42.6 42.6-29.5 11.7-99.5 9-132.1 9s-102.7 2.6-132.1-9c-19.6-7.8-34.7-22.9-42.6-42.6-11.7-29.5-9-99.5-9-132.1s-2.6-102.7 9-132.1c7.8-19.6 22.9-34.7 42.6-42.6 29.5-11.7 99.5-9 132.1-9s102.7-2.6 132.1 9c19.6 7.8 34.7 22.9 42.6 42.6 11.7 29.5 9 99.5 9 132.1s2.7 102.7-9 132.1z\"><\/path><\/svg>\t\t\t\t\t<\/a>\n\t\t\t\t<\/span>\n\t\t\t\t\t<\/div>\n\t\t\t\t\t\t<\/div>\n\t\t\t\t<\/div>\n\t\t\t\t<\/div>\n\t\t\t\t<\/div>\n\t\t\t\t\t<\/div>\n\t\t\t\t<\/div>\n\t\t<div class=\"elementor-element elementor-element-6cbd223 e-con-full e-flex e-con e-parent\" data-id=\"6cbd223\" data-element_type=\"container\" data-e-type=\"container\">\n\t\t\t\t<div class=\"elementor-element elementor-element-2ab41ec elementor-widget elementor-widget-google_maps\" data-id=\"2ab41ec\" data-element_type=\"widget\" data-e-type=\"widget\" data-widget_type=\"google_maps.default\">\n\t\t\t\t<div class=\"elementor-widget-container\">\n\t\t\t\t\t\t\t<div class=\"elementor-custom-embed\">\n\t\t\t<iframe loading=\"lazy\"\n\t\t\t\t\tsrc=\"https:\/\/maps.google.com\/maps?q=Kolegji%20AAB&#038;t=m&#038;z=15&#038;output=embed&#038;iwloc=near\"\n\t\t\t\t\ttitle=\"Kolegji AAB\"\n\t\t\t\t\taria-label=\"Kolegji AAB\"\n\t\t\t><\/iframe>\n\t\t<\/div>\n\t\t\t\t\t\t<\/div>\n\t\t\t\t<\/div>\n\t\t\t\t<\/div>\n\t\t\t\t<\/div>","protected":false},"excerpt":{"rendered":"<p>Contact US For more information about the project, please contact: Project Coordinator at AAB College: Ardian Sallauka Email: ardian.sallauka@aab-edu.net Project [&hellip;]<\/p>\n","protected":false},"author":1,"featured_media":0,"parent":0,"menu_order":4,"comment_status":"closed","ping_status":"closed","template":"","meta":{"_coblocks_attr":"","_coblocks_dimensions":"","_coblocks_responsive_height":"","_coblocks_accordion_ie_support":"","_uag_custom_page_level_css":"","site-sidebar-layout":"no-sidebar","site-content-layout":"","ast-site-content-layout":"full-width-container","site-content-style":"default","site-sidebar-style":"default","ast-global-header-display":"","ast-banner-title-visibility":"","ast-main-header-display":"","ast-hfb-above-header-display":"","ast-hfb-below-header-display":"","ast-hfb-mobile-header-display":"","site-post-title":"disabled","ast-breadcrumbs-content":"","ast-featured-img":"disabled","footer-sml-layout":"","ast-disable-related-posts":"","theme-transparent-header-meta":"enabled","adv-header-id-meta":"","stick-header-meta":"","header-above-stick-meta":"","header-main-stick-meta":"","header-below-stick-meta":"","astra-migrate-meta-layouts":"default","ast-page-background-enabled":"default","ast-page-background-meta":{"desktop":{"background-color":"var(--ast-global-color-4)","background-image":"","background-repeat":"repeat","background-position":"center center","background-size":"auto","background-attachment":"scroll","background-type":"","background-media":"","overlay-type":"","overlay-color":"","overlay-opacity":"","overlay-gradient":""},"tablet":{"background-color":"","background-image":"","background-repeat":"repeat","background-position":"center center","background-size":"auto","background-attachment":"scroll","background-type":"","background-media":"","overlay-type":"","overlay-color":"","overlay-opacity":"","overlay-gradient":""},"mobile":{"background-color":"","background-image":"","background-repeat":"repeat","background-position":"center center","background-size":"auto","background-attachment":"scroll","background-type":"","background-media":"","overlay-type":"","overlay-color":"","overlay-opacity":"","overlay-gradient":""}},"ast-content-background-meta":{"desktop":{"background-color":"var(--ast-global-color-5)","background-image":"","background-repeat":"repeat","background-position":"center center","background-size":"auto","background-attachment":"scroll","background-type":"","background-media":"","overlay-type":"","overlay-color":"","overlay-opacity":"","overlay-gradient":""},"tablet":{"background-color":"var(--ast-global-color-5)","background-image":"","background-repeat":"repeat","background-position":"center center","background-size":"auto","background-attachment":"scroll","background-type":"","background-media":"","overlay-type":"","overlay-color":"","overlay-opacity":"","overlay-gradient":""},"mobile":{"background-color":"var(--ast-global-color-5)","background-image":"","background-repeat":"repeat","background-position":"center center","background-size":"auto","background-attachment":"scroll","background-type":"","background-media":"","overlay-type":"","overlay-color":"","overlay-opacity":"","overlay-gradient":""}},"footnotes":""},"class_list":["post-548","page","type-page","status-publish","hentry"],"yoast_head":"<!-- This site is optimized with the Yoast SEO plugin v27.5 - https:\/\/yoast.com\/product\/yoast-seo-wordpress\/ -->\n<title>Contact Us - Western Balkans<\/title>\n<meta name=\"description\" content=\"Get in touch with us for any inquiries, support, or feedback. We&#039;re here to help and look forward to hearing from you. Contact us today!\" \/>\n<meta name=\"robots\" content=\"index, follow, max-snippet:-1, max-image-preview:large, max-video-preview:-1\" \/>\n<link rel=\"canonical\" href=\"https:\/\/wbedu4mig.com\/sq\/contact-us\/\" \/>\n<meta property=\"og:locale\" content=\"sq_AL\" \/>\n<meta property=\"og:type\" content=\"article\" \/>\n<meta property=\"og:title\" content=\"Contact Us - Western Balkans\" \/>\n<meta property=\"og:description\" content=\"Get in touch with us for any inquiries, support, or feedback. We&#039;re here to help and look forward to hearing from you. Contact us today!\" \/>\n<meta property=\"og:url\" content=\"https:\/\/wbedu4mig.com\/sq\/contact-us\/\" \/>\n<meta property=\"og:site_name\" content=\"Western Balkans\" \/>\n<meta property=\"article:publisher\" content=\"https:\/\/www.facebook.com\/profile.php?id=61569408661878\" \/>\n<meta property=\"article:modified_time\" content=\"2024-12-06T08:49:45+00:00\" \/>\n<meta name=\"twitter:card\" content=\"summary_large_image\" \/>\n<meta name=\"twitter:label1\" content=\"Est. reading time\" \/>\n\t<meta name=\"twitter:data1\" content=\"1 minut\u00eb\" \/>\n<script type=\"application\/ld+json\" class=\"yoast-schema-graph\">{\"@context\":\"https:\\\/\\\/schema.org\",\"@graph\":[{\"@type\":\"WebPage\",\"@id\":\"https:\\\/\\\/wbedu4mig.com\\\/contact-us\\\/\",\"url\":\"https:\\\/\\\/wbedu4mig.com\\\/contact-us\\\/\",\"name\":\"Contact Us - Western Balkans\",\"isPartOf\":{\"@id\":\"https:\\\/\\\/wbedu4mig.com\\\/#website\"},\"datePublished\":\"2024-12-04T18:19:13+00:00\",\"dateModified\":\"2024-12-06T08:49:45+00:00\",\"description\":\"Get in touch with us for any inquiries, support, or feedback. We're here to help and look forward to hearing from you. Contact us today!\",\"breadcrumb\":{\"@id\":\"https:\\\/\\\/wbedu4mig.com\\\/contact-us\\\/#breadcrumb\"},\"inLanguage\":\"sq\",\"potentialAction\":[{\"@type\":\"ReadAction\",\"target\":[\"https:\\\/\\\/wbedu4mig.com\\\/contact-us\\\/\"]}]},{\"@type\":\"BreadcrumbList\",\"@id\":\"https:\\\/\\\/wbedu4mig.com\\\/contact-us\\\/#breadcrumb\",\"itemListElement\":[{\"@type\":\"ListItem\",\"position\":1,\"name\":\"Home\",\"item\":\"https:\\\/\\\/wbedu4mig.com\\\/\"},{\"@type\":\"ListItem\",\"position\":2,\"name\":\"Contact Us\"}]},{\"@type\":\"WebSite\",\"@id\":\"https:\\\/\\\/wbedu4mig.com\\\/#website\",\"url\":\"https:\\\/\\\/wbedu4mig.com\\\/\",\"name\":\"Western Balkans\",\"description\":\"wbedu4mig\",\"publisher\":{\"@id\":\"https:\\\/\\\/wbedu4mig.com\\\/#organization\"},\"potentialAction\":[{\"@type\":\"SearchAction\",\"target\":{\"@type\":\"EntryPoint\",\"urlTemplate\":\"https:\\\/\\\/wbedu4mig.com\\\/?s={search_term_string}\"},\"query-input\":{\"@type\":\"PropertyValueSpecification\",\"valueRequired\":true,\"valueName\":\"search_term_string\"}}],\"inLanguage\":\"sq\"},{\"@type\":\"Organization\",\"@id\":\"https:\\\/\\\/wbedu4mig.com\\\/#organization\",\"name\":\"Western Balkans\",\"url\":\"https:\\\/\\\/wbedu4mig.com\\\/\",\"logo\":{\"@type\":\"ImageObject\",\"inLanguage\":\"sq\",\"@id\":\"https:\\\/\\\/wbedu4mig.com\\\/#\\\/schema\\\/logo\\\/image\\\/\",\"url\":\"https:\\\/\\\/wbedu4mig.com\\\/wp-content\\\/uploads\\\/2024\\\/12\\\/cropped-per-rrjete-sociale-standard-dimension-3.png\",\"contentUrl\":\"https:\\\/\\\/wbedu4mig.com\\\/wp-content\\\/uploads\\\/2024\\\/12\\\/cropped-per-rrjete-sociale-standard-dimension-3.png\",\"width\":512,\"height\":512,\"caption\":\"Western Balkans\"},\"image\":{\"@id\":\"https:\\\/\\\/wbedu4mig.com\\\/#\\\/schema\\\/logo\\\/image\\\/\"},\"sameAs\":[\"https:\\\/\\\/www.facebook.com\\\/profile.php?id=61569408661878\",\"https:\\\/\\\/www.instagram.com\\\/wb_edu4mig.project?igsh=YzJzcnJyeGttcjlw\"]}]}<\/script>\n<!-- \/ Yoast SEO plugin. -->","yoast_head_json":{"title":"Contact Us - Western Balkans","description":"Get in touch with us for any inquiries, support, or feedback. We're here to help and look forward to hearing from you. Contact us today!","robots":{"index":"index","follow":"follow","max-snippet":"max-snippet:-1","max-image-preview":"max-image-preview:large","max-video-preview":"max-video-preview:-1"},"canonical":"https:\/\/wbedu4mig.com\/sq\/contact-us\/","og_locale":"sq_AL","og_type":"article","og_title":"Contact Us - Western Balkans","og_description":"Get in touch with us for any inquiries, support, or feedback. We're here to help and look forward to hearing from you. Contact us today!","og_url":"https:\/\/wbedu4mig.com\/sq\/contact-us\/","og_site_name":"Western Balkans","article_publisher":"https:\/\/www.facebook.com\/profile.php?id=61569408661878","article_modified_time":"2024-12-06T08:49:45+00:00","twitter_card":"summary_large_image","twitter_misc":{"Est. reading time":"1 minut\u00eb"},"schema":{"@context":"https:\/\/schema.org","@graph":[{"@type":"WebPage","@id":"https:\/\/wbedu4mig.com\/contact-us\/","url":"https:\/\/wbedu4mig.com\/contact-us\/","name":"Contact Us - Western Balkans","isPartOf":{"@id":"https:\/\/wbedu4mig.com\/#website"},"datePublished":"2024-12-04T18:19:13+00:00","dateModified":"2024-12-06T08:49:45+00:00","description":"Get in touch with us for any inquiries, support, or feedback. We're here to help and look forward to hearing from you. Contact us today!","breadcrumb":{"@id":"https:\/\/wbedu4mig.com\/contact-us\/#breadcrumb"},"inLanguage":"sq","potentialAction":[{"@type":"ReadAction","target":["https:\/\/wbedu4mig.com\/contact-us\/"]}]},{"@type":"BreadcrumbList","@id":"https:\/\/wbedu4mig.com\/contact-us\/#breadcrumb","itemListElement":[{"@type":"ListItem","position":1,"name":"Home","item":"https:\/\/wbedu4mig.com\/"},{"@type":"ListItem","position":2,"name":"Contact Us"}]},{"@type":"WebSite","@id":"https:\/\/wbedu4mig.com\/#website","url":"https:\/\/wbedu4mig.com\/","name":"Western Balkans","description":"wbedu4mig","publisher":{"@id":"https:\/\/wbedu4mig.com\/#organization"},"potentialAction":[{"@type":"SearchAction","target":{"@type":"EntryPoint","urlTemplate":"https:\/\/wbedu4mig.com\/?s={search_term_string}"},"query-input":{"@type":"PropertyValueSpecification","valueRequired":true,"valueName":"search_term_string"}}],"inLanguage":"sq"},{"@type":"Organization","@id":"https:\/\/wbedu4mig.com\/#organization","name":"Western Balkans","url":"https:\/\/wbedu4mig.com\/","logo":{"@type":"ImageObject","inLanguage":"sq","@id":"https:\/\/wbedu4mig.com\/#\/schema\/logo\/image\/","url":"https:\/\/wbedu4mig.com\/wp-content\/uploads\/2024\/12\/cropped-per-rrjete-sociale-standard-dimension-3.png","contentUrl":"https:\/\/wbedu4mig.com\/wp-content\/uploads\/2024\/12\/cropped-per-rrjete-sociale-standard-dimension-3.png","width":512,"height":512,"caption":"Western Balkans"},"image":{"@id":"https:\/\/wbedu4mig.com\/#\/schema\/logo\/image\/"},"sameAs":["https:\/\/www.facebook.com\/profile.php?id=61569408661878","https:\/\/www.instagram.com\/wb_edu4mig.project?igsh=YzJzcnJyeGttcjlw"]}]}},"uagb_featured_image_src":{"full":false,"thumbnail":false,"medium":false,"medium_large":false,"large":false,"1536x1536":false,"2048x2048":false,"trp-custom-language-flag":false},"uagb_author_info":{"display_name":"wpusername3079","author_link":"https:\/\/wbedu4mig.com\/sq\/author\/wpusername3079\/"},"uagb_comment_info":0,"uagb_excerpt":"Contact US For more information about the project, please contact: Project Coordinator at AAB College: Ardian Sallauka Email: ardian.sallauka@aab-edu.net Project [&hellip;]","_links":{"self":[{"href":"https:\/\/wbedu4mig.com\/sq\/wp-json\/wp\/v2\/pages\/548","targetHints":{"allow":["GET"]}}],"collection":[{"href":"https:\/\/wbedu4mig.com\/sq\/wp-json\/wp\/v2\/pages"}],"about":[{"href":"https:\/\/wbedu4mig.com\/sq\/wp-json\/wp\/v2\/types\/page"}],"author":[{"embeddable":true,"href":"https:\/\/wbedu4mig.com\/sq\/wp-json\/wp\/v2\/users\/1"}],"replies":[{"embeddable":true,"href":"https:\/\/wbedu4mig.com\/sq\/wp-json\/wp\/v2\/comments?post=548"}],"version-history":[{"count":16,"href":"https:\/\/wbedu4mig.com\/sq\/wp-json\/wp\/v2\/pages\/548\/revisions"}],"predecessor-version":[{"id":901,"href":"https:\/\/wbedu4mig.com\/sq\/wp-json\/wp\/v2\/pages\/548\/revisions\/901"}],"wp:attachment":[{"href":"https:\/\/wbedu4mig.com\/sq\/wp-json\/wp\/v2\/media?parent=548"}],"curies":[{"name":"wp","href":"https:\/\/api.w.org\/{rel}","templated":true}]}}