{"id":576,"date":"2024-12-04T18:44:38","date_gmt":"2024-12-04T18:44:38","guid":{"rendered":"https:\/\/wbedu4mig.com\/?page_id=576"},"modified":"2024-12-10T20:53:58","modified_gmt":"2024-12-10T20:53:58","slug":"project-overview","status":"publish","type":"page","link":"https:\/\/wbedu4mig.com\/sq\/project-overview\/","title":{"rendered":"P\u00ebrmbledhje e Projektit"},"content":{"rendered":"<div data-elementor-type=\"wp-page\" data-elementor-id=\"576\" class=\"elementor elementor-576\">\n\t\t\t\t<div class=\"elementor-element elementor-element-fa8fdf7 e-flex e-con-boxed e-con e-parent\" data-id=\"fa8fdf7\" data-element_type=\"container\" data-e-type=\"container\">\n\t\t\t\t\t<div class=\"e-con-inner\">\n\t\t<div class=\"elementor-element elementor-element-d296745 e-con-full e-flex e-con e-child\" data-id=\"d296745\" data-element_type=\"container\" data-e-type=\"container\">\n\t\t\t\t<div class=\"elementor-element elementor-element-3934f1f eael-dual-header-content-align-center elementor-widget elementor-widget-eael-dual-color-header\" data-id=\"3934f1f\" data-element_type=\"widget\" data-e-type=\"widget\" data-widget_type=\"eael-dual-color-header.default\">\n\t\t\t\t<div class=\"elementor-widget-container\">\n\t\t\t\t\t\t\t\t<div class=\"eael-dual-header\">\n\t\t\t\t<h2 class=\"title eael-dch-title\"><span class=\"eael-dch-title-text eael-dch-title-lead lead solid-color\">P\u00ebrmbledhje e<\/span> <span class=\"eael-dch-title-text\">Projektit<\/span><\/h2>\t\t\t<\/div>\n\n\t\t\t\t\t\t<\/div>\n\t\t\t\t<\/div>\n\t\t\t\t<div class=\"elementor-element elementor-element-f45fc71 elementor-widget elementor-widget-text-editor\" data-id=\"f45fc71\" data-element_type=\"widget\" data-e-type=\"widget\" data-widget_type=\"text-editor.default\">\n\t\t\t\t<div class=\"elementor-widget-container\">\n\t\t\t\t\t\t\t\t\t<p>Projekti WB-Edu4Migration, i financuar nga BE-ja n\u00eb kuad\u00ebr t\u00eb programit Erasmus+ Capacity Building in Higher Education (CBHE) Strand 1,<br \/>adreson hendekun e r\u00ebnd\u00ebsish\u00ebm t\u00eb aft\u00ebsive nd\u00ebrmjet punonj\u00ebsve social\u00eb n\u00eb Kosov\u00eb dhe Shqip\u00ebri lidhur me popullatat migrante. Ky hendek pengon aft\u00ebsin\u00eb e punonj\u00ebsve social\u00eb p\u00ebr t\u00eb ofruar mb\u00ebshtetje t\u00eb efektshme dhe p\u00ebr t\u00eb adresuar nevojat specifike t\u00eb migrant\u00ebve'<br \/>aft\u00ebsin\u00eb p\u00ebr t\u00eb ndihmuar efektivisht migrant\u00ebt, dhe institucionet arsimore ende nuk e kan\u00eb integruar plot\u00ebsisht m\u00ebsimdh\u00ebnien lidhur me migracionin n\u00eb programet e pun\u00ebs sociale.<br \/>programet. Projekti synon t\u00eb p\u00ebrmir\u00ebsoj\u00eb aft\u00ebsit\u00eb e student\u00ebve dhe profesionist\u00ebve n\u00eb k\u00ebto vende p\u00ebrmes reform\u00ebs s\u00eb kurikulave, zhvillimit t\u00eb<br \/>kurseve digjitale p\u00ebr kredenciale t\u00eb vogla, dhe zbatimit t\u00eb aktiviteteve p\u00ebr rritjen e kapaciteteve. K\u00ebto p\u00ebrpjekje synojn\u00eb t\u00eb krijojn\u00eb nj\u00eb mjedis m\u00eb gjith\u00ebp\u00ebrfshir\u00ebs dhe mb\u00ebshtet\u00ebs<br \/>p\u00ebr migrant\u00ebt dhe t\u00eb ndihmojn\u00eb punonj\u00ebsit social\u00eb t\u00eb avokojn\u00eb m\u00eb mir\u00eb p\u00ebr nevojat e tyre.<\/p>\t\t\t\t\t\t\t\t<\/div>\n\t\t\t\t<\/div>\n\t\t\t\t<\/div>\n\t\t\t\t\t<\/div>\n\t\t\t\t<\/div>\n\t\t<div class=\"elementor-element elementor-element-2da96ac e-flex e-con-boxed e-con e-parent\" data-id=\"2da96ac\" data-element_type=\"container\" data-e-type=\"container\">\n\t\t\t\t\t<div class=\"e-con-inner\">\n\t\t\t\t<div class=\"elementor-element elementor-element-cf9dfe6 elementor-widget elementor-widget-image\" data-id=\"cf9dfe6\" data-element_type=\"widget\" data-e-type=\"widget\" data-widget_type=\"image.default\">\n\t\t\t\t<div class=\"elementor-widget-container\">\n\t\t\t\t\t\t\t\t\t\t\t\t\t\t\t<img fetchpriority=\"high\" decoding=\"async\" width=\"1024\" height=\"585\" src=\"https:\/\/wbedu4mig.com\/wp-content\/uploads\/2024\/12\/4a-1024x585.webp\" class=\"attachment-large size-large wp-image-1036\" alt=\"\" srcset=\"https:\/\/wbedu4mig.com\/wp-content\/uploads\/2024\/12\/4a-1024x585.webp 1024w, https:\/\/wbedu4mig.com\/wp-content\/uploads\/2024\/12\/4a-300x171.webp 300w, https:\/\/wbedu4mig.com\/wp-content\/uploads\/2024\/12\/4a-768x439.webp 768w, https:\/\/wbedu4mig.com\/wp-content\/uploads\/2024\/12\/4a-1536x878.webp 1536w, https:\/\/wbedu4mig.com\/wp-content\/uploads\/2024\/12\/4a-18x10.webp 18w, https:\/\/wbedu4mig.com\/wp-content\/uploads\/2024\/12\/4a.webp 1792w\" sizes=\"(max-width: 1024px) 100vw, 1024px\" \/>\t\t\t\t\t\t\t\t\t\t\t\t\t\t\t<\/div>\n\t\t\t\t<\/div>\n\t\t\t\t\t<\/div>\n\t\t\t\t<\/div>\n\t\t<div class=\"elementor-element elementor-element-2b7244b e-flex e-con-boxed e-con e-parent\" data-id=\"2b7244b\" data-element_type=\"container\" data-e-type=\"container\">\n\t\t\t\t\t<div class=\"e-con-inner\">\n\t\t\t\t<div class=\"elementor-element elementor-element-4a0859e elementor-widget-divider--view-line elementor-widget elementor-widget-divider\" data-id=\"4a0859e\" data-element_type=\"widget\" data-e-type=\"widget\" data-widget_type=\"divider.default\">\n\t\t\t\t<div class=\"elementor-widget-container\">\n\t\t\t\t\t\t\t<div class=\"elementor-divider\">\n\t\t\t<span class=\"elementor-divider-separator\">\n\t\t\t\t\t\t<\/span>\n\t\t<\/div>\n\t\t\t\t\t\t<\/div>\n\t\t\t\t<\/div>\n\t\t\t\t\t<\/div>\n\t\t\t\t<\/div>\n\t\t\t\t<\/div>","protected":false},"excerpt":{"rendered":"<p>Project Overview The WB-Edu4Migration project, funded by the EU under the Erasmus+ Capacity Building in Higher Education (CBHE) Strand 1 [&hellip;]<\/p>\n","protected":false},"author":1,"featured_media":0,"parent":0,"menu_order":0,"comment_status":"closed","ping_status":"closed","template":"","meta":{"_coblocks_attr":"","_coblocks_dimensions":"","_coblocks_responsive_height":"","_coblocks_accordion_ie_support":"","_uag_custom_page_level_css":"","site-sidebar-layout":"no-sidebar","site-content-layout":"","ast-site-content-layout":"full-width-container","site-content-style":"default","site-sidebar-style":"default","ast-global-header-display":"","ast-banner-title-visibility":"","ast-main-header-display":"","ast-hfb-above-header-display":"","ast-hfb-below-header-display":"","ast-hfb-mobile-header-display":"","site-post-title":"disabled","ast-breadcrumbs-content":"","ast-featured-img":"disabled","footer-sml-layout":"","ast-disable-related-posts":"","theme-transparent-header-meta":"","adv-header-id-meta":"","stick-header-meta":"","header-above-stick-meta":"","header-main-stick-meta":"","header-below-stick-meta":"","astra-migrate-meta-layouts":"default","ast-page-background-enabled":"default","ast-page-background-meta":{"desktop":{"background-color":"var(--ast-global-color-4)","background-image":"","background-repeat":"repeat","background-position":"center center","background-size":"auto","background-attachment":"scroll","background-type":"","background-media":"","overlay-type":"","overlay-color":"","overlay-opacity":"","overlay-gradient":""},"tablet":{"background-color":"","background-image":"","background-repeat":"repeat","background-position":"center center","background-size":"auto","background-attachment":"scroll","background-type":"","background-media":"","overlay-type":"","overlay-color":"","overlay-opacity":"","overlay-gradient":""},"mobile":{"background-color":"","background-image":"","background-repeat":"repeat","background-position":"center center","background-size":"auto","background-attachment":"scroll","background-type":"","background-media":"","overlay-type":"","overlay-color":"","overlay-opacity":"","overlay-gradient":""}},"ast-content-background-meta":{"desktop":{"background-color":"var(--ast-global-color-5)","background-image":"","background-repeat":"repeat","background-position":"center center","background-size":"auto","background-attachment":"scroll","background-type":"","background-media":"","overlay-type":"","overlay-color":"","overlay-opacity":"","overlay-gradient":""},"tablet":{"background-color":"var(--ast-global-color-5)","background-image":"","background-repeat":"repeat","background-position":"center center","background-size":"auto","background-attachment":"scroll","background-type":"","background-media":"","overlay-type":"","overlay-color":"","overlay-opacity":"","overlay-gradient":""},"mobile":{"background-color":"var(--ast-global-color-5)","background-image":"","background-repeat":"repeat","background-position":"center center","background-size":"auto","background-attachment":"scroll","background-type":"","background-media":"","overlay-type":"","overlay-color":"","overlay-opacity":"","overlay-gradient":""}},"footnotes":""},"class_list":["post-576","page","type-page","status-publish","hentry"],"yoast_head":"<!-- This site is optimized with the Yoast SEO plugin v27.5 - https:\/\/yoast.com\/product\/yoast-seo-wordpress\/ -->\n<title>Project Overview - Western Balkans<\/title>\n<meta name=\"robots\" content=\"index, follow, max-snippet:-1, max-image-preview:large, max-video-preview:-1\" \/>\n<link rel=\"canonical\" href=\"https:\/\/wbedu4mig.com\/sq\/project-overview\/\" \/>\n<meta property=\"og:locale\" content=\"sq_AL\" \/>\n<meta property=\"og:type\" content=\"article\" \/>\n<meta property=\"og:title\" content=\"Project Overview - Western Balkans\" \/>\n<meta property=\"og:description\" content=\"Project Overview The WB-Edu4Migration project, funded by the EU under the Erasmus+ Capacity Building in Higher Education (CBHE) Strand 1 [&hellip;]\" \/>\n<meta property=\"og:url\" content=\"https:\/\/wbedu4mig.com\/sq\/project-overview\/\" \/>\n<meta property=\"og:site_name\" content=\"Western Balkans\" \/>\n<meta property=\"article:publisher\" content=\"https:\/\/www.facebook.com\/profile.php?id=61569408661878\" \/>\n<meta property=\"article:modified_time\" content=\"2024-12-10T20:53:58+00:00\" \/>\n<meta property=\"og:image\" content=\"https:\/\/wbedu4mig.com\/wp-content\/uploads\/2024\/12\/4a.webp\" \/>\n\t<meta property=\"og:image:width\" content=\"1792\" \/>\n\t<meta property=\"og:image:height\" content=\"1024\" \/>\n\t<meta property=\"og:image:type\" content=\"image\/webp\" \/>\n<meta name=\"twitter:card\" content=\"summary_large_image\" \/>\n<meta name=\"twitter:label1\" content=\"Est. reading time\" \/>\n\t<meta name=\"twitter:data1\" content=\"1 minut\u00eb\" \/>\n<script type=\"application\/ld+json\" class=\"yoast-schema-graph\">{\"@context\":\"https:\\\/\\\/schema.org\",\"@graph\":[{\"@type\":\"WebPage\",\"@id\":\"https:\\\/\\\/wbedu4mig.com\\\/project-overview\\\/\",\"url\":\"https:\\\/\\\/wbedu4mig.com\\\/project-overview\\\/\",\"name\":\"Project Overview - Western Balkans\",\"isPartOf\":{\"@id\":\"https:\\\/\\\/wbedu4mig.com\\\/#website\"},\"primaryImageOfPage\":{\"@id\":\"https:\\\/\\\/wbedu4mig.com\\\/project-overview\\\/#primaryimage\"},\"image\":{\"@id\":\"https:\\\/\\\/wbedu4mig.com\\\/project-overview\\\/#primaryimage\"},\"thumbnailUrl\":\"https:\\\/\\\/wbedu4mig.com\\\/wp-content\\\/uploads\\\/2024\\\/12\\\/4a-1024x585.webp\",\"datePublished\":\"2024-12-04T18:44:38+00:00\",\"dateModified\":\"2024-12-10T20:53:58+00:00\",\"breadcrumb\":{\"@id\":\"https:\\\/\\\/wbedu4mig.com\\\/project-overview\\\/#breadcrumb\"},\"inLanguage\":\"sq\",\"potentialAction\":[{\"@type\":\"ReadAction\",\"target\":[\"https:\\\/\\\/wbedu4mig.com\\\/project-overview\\\/\"]}]},{\"@type\":\"ImageObject\",\"inLanguage\":\"sq\",\"@id\":\"https:\\\/\\\/wbedu4mig.com\\\/project-overview\\\/#primaryimage\",\"url\":\"https:\\\/\\\/wbedu4mig.com\\\/wp-content\\\/uploads\\\/2024\\\/12\\\/4a-1024x585.webp\",\"contentUrl\":\"https:\\\/\\\/wbedu4mig.com\\\/wp-content\\\/uploads\\\/2024\\\/12\\\/4a-1024x585.webp\"},{\"@type\":\"BreadcrumbList\",\"@id\":\"https:\\\/\\\/wbedu4mig.com\\\/project-overview\\\/#breadcrumb\",\"itemListElement\":[{\"@type\":\"ListItem\",\"position\":1,\"name\":\"Home\",\"item\":\"https:\\\/\\\/wbedu4mig.com\\\/\"},{\"@type\":\"ListItem\",\"position\":2,\"name\":\"Project Overview\"}]},{\"@type\":\"WebSite\",\"@id\":\"https:\\\/\\\/wbedu4mig.com\\\/#website\",\"url\":\"https:\\\/\\\/wbedu4mig.com\\\/\",\"name\":\"Western Balkans\",\"description\":\"wbedu4mig\",\"publisher\":{\"@id\":\"https:\\\/\\\/wbedu4mig.com\\\/#organization\"},\"potentialAction\":[{\"@type\":\"SearchAction\",\"target\":{\"@type\":\"EntryPoint\",\"urlTemplate\":\"https:\\\/\\\/wbedu4mig.com\\\/?s={search_term_string}\"},\"query-input\":{\"@type\":\"PropertyValueSpecification\",\"valueRequired\":true,\"valueName\":\"search_term_string\"}}],\"inLanguage\":\"sq\"},{\"@type\":\"Organization\",\"@id\":\"https:\\\/\\\/wbedu4mig.com\\\/#organization\",\"name\":\"Western Balkans\",\"url\":\"https:\\\/\\\/wbedu4mig.com\\\/\",\"logo\":{\"@type\":\"ImageObject\",\"inLanguage\":\"sq\",\"@id\":\"https:\\\/\\\/wbedu4mig.com\\\/#\\\/schema\\\/logo\\\/image\\\/\",\"url\":\"https:\\\/\\\/wbedu4mig.com\\\/wp-content\\\/uploads\\\/2024\\\/12\\\/cropped-per-rrjete-sociale-standard-dimension-3.png\",\"contentUrl\":\"https:\\\/\\\/wbedu4mig.com\\\/wp-content\\\/uploads\\\/2024\\\/12\\\/cropped-per-rrjete-sociale-standard-dimension-3.png\",\"width\":512,\"height\":512,\"caption\":\"Western Balkans\"},\"image\":{\"@id\":\"https:\\\/\\\/wbedu4mig.com\\\/#\\\/schema\\\/logo\\\/image\\\/\"},\"sameAs\":[\"https:\\\/\\\/www.facebook.com\\\/profile.php?id=61569408661878\",\"https:\\\/\\\/www.instagram.com\\\/wb_edu4mig.project?igsh=YzJzcnJyeGttcjlw\"]}]}<\/script>\n<!-- \/ Yoast SEO plugin. -->","yoast_head_json":{"title":"Project Overview - Western Balkans","robots":{"index":"index","follow":"follow","max-snippet":"max-snippet:-1","max-image-preview":"max-image-preview:large","max-video-preview":"max-video-preview:-1"},"canonical":"https:\/\/wbedu4mig.com\/sq\/project-overview\/","og_locale":"sq_AL","og_type":"article","og_title":"Project Overview - Western Balkans","og_description":"Project Overview The WB-Edu4Migration project, funded by the EU under the Erasmus+ Capacity Building in Higher Education (CBHE) Strand 1 [&hellip;]","og_url":"https:\/\/wbedu4mig.com\/sq\/project-overview\/","og_site_name":"Western Balkans","article_publisher":"https:\/\/www.facebook.com\/profile.php?id=61569408661878","article_modified_time":"2024-12-10T20:53:58+00:00","og_image":[{"width":1792,"height":1024,"url":"https:\/\/wbedu4mig.com\/wp-content\/uploads\/2024\/12\/4a.webp","type":"image\/webp"}],"twitter_card":"summary_large_image","twitter_misc":{"Est. reading time":"1 minut\u00eb"},"schema":{"@context":"https:\/\/schema.org","@graph":[{"@type":"WebPage","@id":"https:\/\/wbedu4mig.com\/project-overview\/","url":"https:\/\/wbedu4mig.com\/project-overview\/","name":"Project Overview - Western Balkans","isPartOf":{"@id":"https:\/\/wbedu4mig.com\/#website"},"primaryImageOfPage":{"@id":"https:\/\/wbedu4mig.com\/project-overview\/#primaryimage"},"image":{"@id":"https:\/\/wbedu4mig.com\/project-overview\/#primaryimage"},"thumbnailUrl":"https:\/\/wbedu4mig.com\/wp-content\/uploads\/2024\/12\/4a-1024x585.webp","datePublished":"2024-12-04T18:44:38+00:00","dateModified":"2024-12-10T20:53:58+00:00","breadcrumb":{"@id":"https:\/\/wbedu4mig.com\/project-overview\/#breadcrumb"},"inLanguage":"sq","potentialAction":[{"@type":"ReadAction","target":["https:\/\/wbedu4mig.com\/project-overview\/"]}]},{"@type":"ImageObject","inLanguage":"sq","@id":"https:\/\/wbedu4mig.com\/project-overview\/#primaryimage","url":"https:\/\/wbedu4mig.com\/wp-content\/uploads\/2024\/12\/4a-1024x585.webp","contentUrl":"https:\/\/wbedu4mig.com\/wp-content\/uploads\/2024\/12\/4a-1024x585.webp"},{"@type":"BreadcrumbList","@id":"https:\/\/wbedu4mig.com\/project-overview\/#breadcrumb","itemListElement":[{"@type":"ListItem","position":1,"name":"Home","item":"https:\/\/wbedu4mig.com\/"},{"@type":"ListItem","position":2,"name":"Project Overview"}]},{"@type":"WebSite","@id":"https:\/\/wbedu4mig.com\/#website","url":"https:\/\/wbedu4mig.com\/","name":"Western Balkans","description":"wbedu4mig","publisher":{"@id":"https:\/\/wbedu4mig.com\/#organization"},"potentialAction":[{"@type":"SearchAction","target":{"@type":"EntryPoint","urlTemplate":"https:\/\/wbedu4mig.com\/?s={search_term_string}"},"query-input":{"@type":"PropertyValueSpecification","valueRequired":true,"valueName":"search_term_string"}}],"inLanguage":"sq"},{"@type":"Organization","@id":"https:\/\/wbedu4mig.com\/#organization","name":"Western Balkans","url":"https:\/\/wbedu4mig.com\/","logo":{"@type":"ImageObject","inLanguage":"sq","@id":"https:\/\/wbedu4mig.com\/#\/schema\/logo\/image\/","url":"https:\/\/wbedu4mig.com\/wp-content\/uploads\/2024\/12\/cropped-per-rrjete-sociale-standard-dimension-3.png","contentUrl":"https:\/\/wbedu4mig.com\/wp-content\/uploads\/2024\/12\/cropped-per-rrjete-sociale-standard-dimension-3.png","width":512,"height":512,"caption":"Western Balkans"},"image":{"@id":"https:\/\/wbedu4mig.com\/#\/schema\/logo\/image\/"},"sameAs":["https:\/\/www.facebook.com\/profile.php?id=61569408661878","https:\/\/www.instagram.com\/wb_edu4mig.project?igsh=YzJzcnJyeGttcjlw"]}]}},"uagb_featured_image_src":{"full":false,"thumbnail":false,"medium":false,"medium_large":false,"large":false,"1536x1536":false,"2048x2048":false,"trp-custom-language-flag":false},"uagb_author_info":{"display_name":"wpusername3079","author_link":"https:\/\/wbedu4mig.com\/sq\/author\/wpusername3079\/"},"uagb_comment_info":0,"uagb_excerpt":"Project Overview The WB-Edu4Migration project, funded by the EU under the Erasmus+ Capacity Building in Higher Education (CBHE) Strand 1 [&hellip;]","_links":{"self":[{"href":"https:\/\/wbedu4mig.com\/sq\/wp-json\/wp\/v2\/pages\/576","targetHints":{"allow":["GET"]}}],"collection":[{"href":"https:\/\/wbedu4mig.com\/sq\/wp-json\/wp\/v2\/pages"}],"about":[{"href":"https:\/\/wbedu4mig.com\/sq\/wp-json\/wp\/v2\/types\/page"}],"author":[{"embeddable":true,"href":"https:\/\/wbedu4mig.com\/sq\/wp-json\/wp\/v2\/users\/1"}],"replies":[{"embeddable":true,"href":"https:\/\/wbedu4mig.com\/sq\/wp-json\/wp\/v2\/comments?post=576"}],"version-history":[{"count":28,"href":"https:\/\/wbedu4mig.com\/sq\/wp-json\/wp\/v2\/pages\/576\/revisions"}],"predecessor-version":[{"id":1042,"href":"https:\/\/wbedu4mig.com\/sq\/wp-json\/wp\/v2\/pages\/576\/revisions\/1042"}],"wp:attachment":[{"href":"https:\/\/wbedu4mig.com\/sq\/wp-json\/wp\/v2\/media?parent=576"}],"curies":[{"name":"wp","href":"https:\/\/api.w.org\/{rel}","templated":true}]}}