{"id":596,"date":"2024-12-04T19:59:05","date_gmt":"2024-12-04T19:59:05","guid":{"rendered":"https:\/\/wbedu4mig.com\/?page_id=596"},"modified":"2024-12-09T07:35:17","modified_gmt":"2024-12-09T07:35:17","slug":"project-management-structure","status":"publish","type":"page","link":"https:\/\/wbedu4mig.com\/sq\/project-management-structure\/","title":{"rendered":"Struktura e Menaxhimit t\u00eb Projektit"},"content":{"rendered":"<div data-elementor-type=\"wp-page\" data-elementor-id=\"596\" class=\"elementor elementor-596\">\n\t\t\t\t<div class=\"elementor-element elementor-element-6386002 e-flex e-con-boxed e-con e-parent\" data-id=\"6386002\" data-element_type=\"container\" data-e-type=\"container\">\n\t\t\t\t\t<div class=\"e-con-inner\">\n\t\t<div class=\"elementor-element elementor-element-f01f6e3 e-con-full e-flex e-con e-child\" data-id=\"f01f6e3\" data-element_type=\"container\" data-e-type=\"container\">\n\t\t\t\t<div class=\"elementor-element elementor-element-cd9d08f eael-dual-header-content-align-center elementor-widget elementor-widget-eael-dual-color-header\" data-id=\"cd9d08f\" data-element_type=\"widget\" data-e-type=\"widget\" data-widget_type=\"eael-dual-color-header.default\">\n\t\t\t\t<div class=\"elementor-widget-container\">\n\t\t\t\t\t\t\t\t<div class=\"eael-dual-header\">\n\t\t\t\t<h2 class=\"title eael-dch-title\"><span class=\"eael-dch-title-text eael-dch-title-lead lead solid-color\">Struktura e Menaxhimit <\/span> <span class=\"eael-dch-title-text\">t\u00eb Projektit<\/span><\/h2>\t\t\t<\/div>\n\n\t\t\t\t\t\t<\/div>\n\t\t\t\t<\/div>\n\t\t\t\t<\/div>\n\t\t\t\t\t<\/div>\n\t\t\t\t<\/div>\n\t\t<div class=\"elementor-element elementor-element-0e731f5 e-flex e-con-boxed e-con e-parent\" data-id=\"0e731f5\" data-element_type=\"container\" data-e-type=\"container\">\n\t\t\t\t\t<div class=\"e-con-inner\">\n\t\t\t\t<div class=\"elementor-element elementor-element-035a837 elementor-widget elementor-widget-text-editor\" data-id=\"035a837\" data-element_type=\"widget\" data-e-type=\"widget\" data-widget_type=\"text-editor.default\">\n\t\t\t\t<div class=\"elementor-widget-container\">\n\t\t\t\t\t\t\t\t\t<h5>Projekti koordinohet nga Kolegji AAB, me secil\u00ebn institucion partener q\u00eb kontribuon n\u00eb paketat e pun\u00ebs specifike. Nj\u00eb ekip menaxhimi i projektit<br \/>ka qen\u00eb i ngritur p\u00ebr t\u00eb mbik\u00ebqyrur operacionet, p\u00ebr t\u00eb monitoruar progresin dhe p\u00ebr t\u00eb siguruar komunikim efektiv nd\u00ebrmjet partner\u00ebve. M\u00eb shum\u00eb informacion rreth<br \/>struktura e menaxhimit mund t\u00eb gjendet k\u00ebtu:<a href=\"https:\/\/wbedu4mig.com\/wp-content\/uploads\/2024\/12\/dummy.pdf\">dummy<\/a><\/h5>\t\t\t\t\t\t\t\t<\/div>\n\t\t\t\t<\/div>\n\t\t\t\t\t<\/div>\n\t\t\t\t<\/div>\n\t\t\t\t<\/div>","protected":false},"excerpt":{"rendered":"<p>Project Management Structure The project is coordinated by Kolegji AAB, with each partner institution contributing to specific work packages. A [&hellip;]<\/p>\n","protected":false},"author":1,"featured_media":0,"parent":0,"menu_order":0,"comment_status":"closed","ping_status":"closed","template":"","meta":{"_coblocks_attr":"","_coblocks_dimensions":"","_coblocks_responsive_height":"","_coblocks_accordion_ie_support":"","_uag_custom_page_level_css":"","site-sidebar-layout":"no-sidebar","site-content-layout":"","ast-site-content-layout":"full-width-container","site-content-style":"default","site-sidebar-style":"default","ast-global-header-display":"","ast-banner-title-visibility":"","ast-main-header-display":"","ast-hfb-above-header-display":"","ast-hfb-below-header-display":"","ast-hfb-mobile-header-display":"","site-post-title":"disabled","ast-breadcrumbs-content":"","ast-featured-img":"disabled","footer-sml-layout":"","ast-disable-related-posts":"","theme-transparent-header-meta":"","adv-header-id-meta":"","stick-header-meta":"","header-above-stick-meta":"","header-main-stick-meta":"","header-below-stick-meta":"","astra-migrate-meta-layouts":"default","ast-page-background-enabled":"default","ast-page-background-meta":{"desktop":{"background-color":"var(--ast-global-color-4)","background-image":"","background-repeat":"repeat","background-position":"center center","background-size":"auto","background-attachment":"scroll","background-type":"","background-media":"","overlay-type":"","overlay-color":"","overlay-opacity":"","overlay-gradient":""},"tablet":{"background-color":"","background-image":"","background-repeat":"repeat","background-position":"center center","background-size":"auto","background-attachment":"scroll","background-type":"","background-media":"","overlay-type":"","overlay-color":"","overlay-opacity":"","overlay-gradient":""},"mobile":{"background-color":"","background-image":"","background-repeat":"repeat","background-position":"center center","background-size":"auto","background-attachment":"scroll","background-type":"","background-media":"","overlay-type":"","overlay-color":"","overlay-opacity":"","overlay-gradient":""}},"ast-content-background-meta":{"desktop":{"background-color":"var(--ast-global-color-5)","background-image":"","background-repeat":"repeat","background-position":"center center","background-size":"auto","background-attachment":"scroll","background-type":"","background-media":"","overlay-type":"","overlay-color":"","overlay-opacity":"","overlay-gradient":""},"tablet":{"background-color":"var(--ast-global-color-5)","background-image":"","background-repeat":"repeat","background-position":"center center","background-size":"auto","background-attachment":"scroll","background-type":"","background-media":"","overlay-type":"","overlay-color":"","overlay-opacity":"","overlay-gradient":""},"mobile":{"background-color":"var(--ast-global-color-5)","background-image":"","background-repeat":"repeat","background-position":"center center","background-size":"auto","background-attachment":"scroll","background-type":"","background-media":"","overlay-type":"","overlay-color":"","overlay-opacity":"","overlay-gradient":""}},"footnotes":""},"class_list":["post-596","page","type-page","status-publish","hentry"],"yoast_head":"<!-- This site is optimized with the Yoast SEO plugin v27.5 - https:\/\/yoast.com\/product\/yoast-seo-wordpress\/ -->\n<title>Project Management Structure - Western Balkans<\/title>\n<meta name=\"robots\" content=\"index, follow, max-snippet:-1, max-image-preview:large, max-video-preview:-1\" \/>\n<link rel=\"canonical\" href=\"https:\/\/wbedu4mig.com\/sq\/project-management-structure\/\" \/>\n<meta property=\"og:locale\" content=\"sq_AL\" \/>\n<meta property=\"og:type\" content=\"article\" \/>\n<meta property=\"og:title\" content=\"Project Management Structure - Western Balkans\" \/>\n<meta property=\"og:description\" content=\"Project Management Structure The project is coordinated by Kolegji AAB, with each partner institution contributing to specific work packages. A [&hellip;]\" \/>\n<meta property=\"og:url\" content=\"https:\/\/wbedu4mig.com\/sq\/project-management-structure\/\" \/>\n<meta property=\"og:site_name\" content=\"Western Balkans\" \/>\n<meta property=\"article:publisher\" content=\"https:\/\/www.facebook.com\/profile.php?id=61569408661878\" \/>\n<meta property=\"article:modified_time\" content=\"2024-12-09T07:35:17+00:00\" \/>\n<meta name=\"twitter:card\" content=\"summary_large_image\" \/>\n<meta name=\"twitter:label1\" content=\"Est. reading time\" \/>\n\t<meta name=\"twitter:data1\" content=\"1 minut\u00eb\" \/>\n<script type=\"application\/ld+json\" class=\"yoast-schema-graph\">{\"@context\":\"https:\\\/\\\/schema.org\",\"@graph\":[{\"@type\":\"WebPage\",\"@id\":\"https:\\\/\\\/wbedu4mig.com\\\/project-management-structure\\\/\",\"url\":\"https:\\\/\\\/wbedu4mig.com\\\/project-management-structure\\\/\",\"name\":\"Project Management Structure - Western Balkans\",\"isPartOf\":{\"@id\":\"https:\\\/\\\/wbedu4mig.com\\\/#website\"},\"datePublished\":\"2024-12-04T19:59:05+00:00\",\"dateModified\":\"2024-12-09T07:35:17+00:00\",\"breadcrumb\":{\"@id\":\"https:\\\/\\\/wbedu4mig.com\\\/project-management-structure\\\/#breadcrumb\"},\"inLanguage\":\"sq\",\"potentialAction\":[{\"@type\":\"ReadAction\",\"target\":[\"https:\\\/\\\/wbedu4mig.com\\\/project-management-structure\\\/\"]}]},{\"@type\":\"BreadcrumbList\",\"@id\":\"https:\\\/\\\/wbedu4mig.com\\\/project-management-structure\\\/#breadcrumb\",\"itemListElement\":[{\"@type\":\"ListItem\",\"position\":1,\"name\":\"Home\",\"item\":\"https:\\\/\\\/wbedu4mig.com\\\/\"},{\"@type\":\"ListItem\",\"position\":2,\"name\":\"Project Management Structure\"}]},{\"@type\":\"WebSite\",\"@id\":\"https:\\\/\\\/wbedu4mig.com\\\/#website\",\"url\":\"https:\\\/\\\/wbedu4mig.com\\\/\",\"name\":\"Western Balkans\",\"description\":\"wbedu4mig\",\"publisher\":{\"@id\":\"https:\\\/\\\/wbedu4mig.com\\\/#organization\"},\"potentialAction\":[{\"@type\":\"SearchAction\",\"target\":{\"@type\":\"EntryPoint\",\"urlTemplate\":\"https:\\\/\\\/wbedu4mig.com\\\/?s={search_term_string}\"},\"query-input\":{\"@type\":\"PropertyValueSpecification\",\"valueRequired\":true,\"valueName\":\"search_term_string\"}}],\"inLanguage\":\"sq\"},{\"@type\":\"Organization\",\"@id\":\"https:\\\/\\\/wbedu4mig.com\\\/#organization\",\"name\":\"Western Balkans\",\"url\":\"https:\\\/\\\/wbedu4mig.com\\\/\",\"logo\":{\"@type\":\"ImageObject\",\"inLanguage\":\"sq\",\"@id\":\"https:\\\/\\\/wbedu4mig.com\\\/#\\\/schema\\\/logo\\\/image\\\/\",\"url\":\"https:\\\/\\\/wbedu4mig.com\\\/wp-content\\\/uploads\\\/2024\\\/12\\\/cropped-per-rrjete-sociale-standard-dimension-3.png\",\"contentUrl\":\"https:\\\/\\\/wbedu4mig.com\\\/wp-content\\\/uploads\\\/2024\\\/12\\\/cropped-per-rrjete-sociale-standard-dimension-3.png\",\"width\":512,\"height\":512,\"caption\":\"Western Balkans\"},\"image\":{\"@id\":\"https:\\\/\\\/wbedu4mig.com\\\/#\\\/schema\\\/logo\\\/image\\\/\"},\"sameAs\":[\"https:\\\/\\\/www.facebook.com\\\/profile.php?id=61569408661878\",\"https:\\\/\\\/www.instagram.com\\\/wb_edu4mig.project?igsh=YzJzcnJyeGttcjlw\"]}]}<\/script>\n<!-- \/ Yoast SEO plugin. -->","yoast_head_json":{"title":"Project Management Structure - Western Balkans","robots":{"index":"index","follow":"follow","max-snippet":"max-snippet:-1","max-image-preview":"max-image-preview:large","max-video-preview":"max-video-preview:-1"},"canonical":"https:\/\/wbedu4mig.com\/sq\/project-management-structure\/","og_locale":"sq_AL","og_type":"article","og_title":"Project Management Structure - Western Balkans","og_description":"Project Management Structure The project is coordinated by Kolegji AAB, with each partner institution contributing to specific work packages. A [&hellip;]","og_url":"https:\/\/wbedu4mig.com\/sq\/project-management-structure\/","og_site_name":"Western Balkans","article_publisher":"https:\/\/www.facebook.com\/profile.php?id=61569408661878","article_modified_time":"2024-12-09T07:35:17+00:00","twitter_card":"summary_large_image","twitter_misc":{"Est. reading time":"1 minut\u00eb"},"schema":{"@context":"https:\/\/schema.org","@graph":[{"@type":"WebPage","@id":"https:\/\/wbedu4mig.com\/project-management-structure\/","url":"https:\/\/wbedu4mig.com\/project-management-structure\/","name":"Project Management Structure - Western Balkans","isPartOf":{"@id":"https:\/\/wbedu4mig.com\/#website"},"datePublished":"2024-12-04T19:59:05+00:00","dateModified":"2024-12-09T07:35:17+00:00","breadcrumb":{"@id":"https:\/\/wbedu4mig.com\/project-management-structure\/#breadcrumb"},"inLanguage":"sq","potentialAction":[{"@type":"ReadAction","target":["https:\/\/wbedu4mig.com\/project-management-structure\/"]}]},{"@type":"BreadcrumbList","@id":"https:\/\/wbedu4mig.com\/project-management-structure\/#breadcrumb","itemListElement":[{"@type":"ListItem","position":1,"name":"Home","item":"https:\/\/wbedu4mig.com\/"},{"@type":"ListItem","position":2,"name":"Project Management Structure"}]},{"@type":"WebSite","@id":"https:\/\/wbedu4mig.com\/#website","url":"https:\/\/wbedu4mig.com\/","name":"Western Balkans","description":"wbedu4mig","publisher":{"@id":"https:\/\/wbedu4mig.com\/#organization"},"potentialAction":[{"@type":"SearchAction","target":{"@type":"EntryPoint","urlTemplate":"https:\/\/wbedu4mig.com\/?s={search_term_string}"},"query-input":{"@type":"PropertyValueSpecification","valueRequired":true,"valueName":"search_term_string"}}],"inLanguage":"sq"},{"@type":"Organization","@id":"https:\/\/wbedu4mig.com\/#organization","name":"Western Balkans","url":"https:\/\/wbedu4mig.com\/","logo":{"@type":"ImageObject","inLanguage":"sq","@id":"https:\/\/wbedu4mig.com\/#\/schema\/logo\/image\/","url":"https:\/\/wbedu4mig.com\/wp-content\/uploads\/2024\/12\/cropped-per-rrjete-sociale-standard-dimension-3.png","contentUrl":"https:\/\/wbedu4mig.com\/wp-content\/uploads\/2024\/12\/cropped-per-rrjete-sociale-standard-dimension-3.png","width":512,"height":512,"caption":"Western Balkans"},"image":{"@id":"https:\/\/wbedu4mig.com\/#\/schema\/logo\/image\/"},"sameAs":["https:\/\/www.facebook.com\/profile.php?id=61569408661878","https:\/\/www.instagram.com\/wb_edu4mig.project?igsh=YzJzcnJyeGttcjlw"]}]}},"uagb_featured_image_src":{"full":false,"thumbnail":false,"medium":false,"medium_large":false,"large":false,"1536x1536":false,"2048x2048":false,"trp-custom-language-flag":false},"uagb_author_info":{"display_name":"wpusername3079","author_link":"https:\/\/wbedu4mig.com\/sq\/author\/wpusername3079\/"},"uagb_comment_info":0,"uagb_excerpt":"Project Management Structure The project is coordinated by Kolegji AAB, with each partner institution contributing to specific work packages. A [&hellip;]","_links":{"self":[{"href":"https:\/\/wbedu4mig.com\/sq\/wp-json\/wp\/v2\/pages\/596","targetHints":{"allow":["GET"]}}],"collection":[{"href":"https:\/\/wbedu4mig.com\/sq\/wp-json\/wp\/v2\/pages"}],"about":[{"href":"https:\/\/wbedu4mig.com\/sq\/wp-json\/wp\/v2\/types\/page"}],"author":[{"embeddable":true,"href":"https:\/\/wbedu4mig.com\/sq\/wp-json\/wp\/v2\/users\/1"}],"replies":[{"embeddable":true,"href":"https:\/\/wbedu4mig.com\/sq\/wp-json\/wp\/v2\/comments?post=596"}],"version-history":[{"count":16,"href":"https:\/\/wbedu4mig.com\/sq\/wp-json\/wp\/v2\/pages\/596\/revisions"}],"predecessor-version":[{"id":943,"href":"https:\/\/wbedu4mig.com\/sq\/wp-json\/wp\/v2\/pages\/596\/revisions\/943"}],"wp:attachment":[{"href":"https:\/\/wbedu4mig.com\/sq\/wp-json\/wp\/v2\/media?parent=596"}],"curies":[{"name":"wp","href":"https:\/\/api.w.org\/{rel}","templated":true}]}}